{"id":1741,"date":"2025-01-06T13:01:55","date_gmt":"2025-01-06T12:01:55","guid":{"rendered":"https:\/\/cloudwiseapp.com\/?post_type=product&#038;p=1741"},"modified":"2025-01-20T00:10:32","modified_gmt":"2025-01-19T23:10:32","slug":"checklista-1000-roas-meta-ads","status":"publish","type":"product","link":"https:\/\/cloudwiseapp.com\/en\/rozwiazanie\/checklista-1000-roas-meta-ads\/","title":{"rendered":"Checklista 1 000% ROAS w Meta Ads od Cloudwise"},"content":{"rendered":"<div class=\"wp-block-stackable-columns stk-block-columns stk-block stk-760ea14\" data-block-id=\"760ea14\"><style>.stk-760ea14 {align-items:flex-start !important;margin-bottom:73px !important;display:flex !important;}<\/style><div class=\"stk-row stk-inner-blocks stk-block-content stk-content-align stk-760ea14-column\"><div class=\"wp-block-stackable-column stk-block-column stk-column stk-block stk-1c5a021 stk-block-background\" data-v=\"4\" data-block-id=\"1c5a021\"><style>.stk-1c5a021 {align-self:center !important;background-color:var(--theme-palette-color-5, #edeff2) !important;border-top-left-radius:24px !important;border-top-right-radius:24px !important;border-bottom-right-radius:24px !important;border-bottom-left-radius:24px !important;overflow:hidden !important;align-items:flex-start !important;display:flex !important;}.stk-1c5a021:before{background-color:var(--theme-palette-color-5, #edeff2) !important;}<\/style><div class=\"stk-column-wrapper stk-block-column__content stk-container stk-1c5a021-container stk--no-background stk--no-padding\"><div class=\"stk-block-content stk-inner-blocks stk-1c5a021-inner-blocks\"><p class=\"has-palette-color-4-color has-text-color has-link-color has-large-font-size wp-elements-4782352b777236a275e02b556ed88f9f\"><strong>Wyj\u0105tkowa checklista na 2025 rok!<\/strong><\/p>\n\n<p class=\"has-palette-color-4-color has-text-color has-link-color has-medium-font-size wp-elements-b96892ae7a0ac6aed9f60c3b149889dd\"><strong>Sekrety skutecznego prowadzenia kampanii Meta Ads od Cloudwise.<\/strong> <strong>Checklista 1 000% ROAS w Meta Ads od Cloudwise<\/strong>.<\/p>\n\n<div class=\"wp-block-stackable-button-group aligncenter stk-block-button-group stk-block stk-7b53d65\" data-block-id=\"7b53d65\"><style>.stk-7b53d65 .stk-button-group{flex-direction:row !important;}@media screen and (max-width:999px){.stk-7b53d65 .stk-button-group{flex-direction:row !important;}}@media screen and (max-width:689px){.stk-7b53d65 .stk-button-group{flex-direction:row !important;}}<\/style><div class=\"stk-row stk-inner-blocks has-text-align-center stk-block-content stk-button-group\"><div class=\"wp-block-stackable-button stk-block-button stk-block stk-4da6d0b\" data-block-id=\"4da6d0b\"><style>.stk-4da6d0b .stk-button{padding-top:10px !important;padding-right:28px !important;padding-bottom:11px !important;padding-left:23px !important;background:linear-gradient(135deg,rgba(255,105,0,1) 0%,rgb(207,46,46) 100%) !important;}.stk-4da6d0b .stk-button .stk--inner-svg svg:last-child{height:18px !important;width:18px !important;}.stk-4da6d0b .stk-button__inner-text{font-size:22px !important;}@media screen and (max-width:999px){.stk-4da6d0b .stk-button__inner-text{font-size:22px !important;}}<\/style><a class=\"stk-link stk-button stk--hover-effect-darken\" href=\"https:\/\/cloudwiseapp.com\/zamowienie?add-to-cart=1741\"><span class=\"stk-button__inner-text\">Kup checklist\u0119<\/span><span class=\"stk--svg-wrapper\"><div class=\"stk--inner-svg\"><svg xmlns=\"http:\/\/www.w3.org\/2000\/svg\" viewBox=\"0 0 448 512\" aria-hidden=\"true\" width=\"32\" height=\"32\"><path d=\"M190.5 66.9l22.2-22.2c9.4-9.4 24.6-9.4 33.9 0L441 239c9.4 9.4 9.4 24.6 0 33.9L246.6 467.3c-9.4 9.4-24.6 9.4-33.9 0l-22.2-22.2c-9.5-9.5-9.3-25 .4-34.3L311.4 296H24c-13.3 0-24-10.7-24-24v-32c0-13.3 10.7-24 24-24h287.4L190.9 101.2c-9.8-9.3-10-24.8-.4-34.3z\"><\/path><\/svg><\/div><\/span><\/a><\/div><\/div><\/div><\/div><\/div><\/div>\n\n<div class=\"wp-block-stackable-column stk-block-column stk-column stk-block stk-0324cd9\" data-v=\"4\" data-block-id=\"0324cd9\"><div class=\"stk-column-wrapper stk-block-column__content stk-container stk-0324cd9-container stk--no-background stk--no-padding\"><div class=\"stk-block-content stk-inner-blocks stk-0324cd9-inner-blocks\"><figure class=\"wp-block-image size-full\"><img loading=\"lazy\" decoding=\"async\" width=\"1000\" height=\"1000\" src=\"https:\/\/cloudwiseapp.com\/wp-content\/uploads\/2025\/01\/d3d71d9c-4ed9-45e8-8277-cedc2df9d38a.png\" alt=\"\" class=\"wp-image-1745\" srcset=\"https:\/\/cloudwiseapp.com\/wp-content\/uploads\/2025\/01\/d3d71d9c-4ed9-45e8-8277-cedc2df9d38a.png 1000w, https:\/\/cloudwiseapp.com\/wp-content\/uploads\/2025\/01\/d3d71d9c-4ed9-45e8-8277-cedc2df9d38a-300x300.png 300w, https:\/\/cloudwiseapp.com\/wp-content\/uploads\/2025\/01\/d3d71d9c-4ed9-45e8-8277-cedc2df9d38a-150x150.png 150w, https:\/\/cloudwiseapp.com\/wp-content\/uploads\/2025\/01\/d3d71d9c-4ed9-45e8-8277-cedc2df9d38a-768x768.png 768w, https:\/\/cloudwiseapp.com\/wp-content\/uploads\/2025\/01\/d3d71d9c-4ed9-45e8-8277-cedc2df9d38a-64x64.png 64w, https:\/\/cloudwiseapp.com\/wp-content\/uploads\/2025\/01\/d3d71d9c-4ed9-45e8-8277-cedc2df9d38a-600x600.png 600w, https:\/\/cloudwiseapp.com\/wp-content\/uploads\/2025\/01\/d3d71d9c-4ed9-45e8-8277-cedc2df9d38a-100x100.png 100w\" sizes=\"auto, (max-width: 1000px) 100vw, 1000px\" \/><\/figure><\/div><\/div><\/div><\/div><\/div><div class=\"wp-block-stackable-columns stk-block-columns stk-block stk-1b0426d\" data-block-id=\"1b0426d\"><style>.stk-1b0426d {margin-bottom:71px !important;}.stk-1b0426d-column{max-width:718px !important;min-width:auto !important;}<\/style><div class=\"stk-row stk-inner-blocks stk-block-content stk-content-align stk-1b0426d-column\"><div class=\"wp-block-stackable-column stk-block-column stk-column stk-block stk-50a2668\" data-v=\"4\" data-block-id=\"50a2668\"><style>.stk-50a2668-container{max-width:1000px !important;min-width:auto !important;}<\/style><div class=\"stk-column-wrapper stk-block-column__content stk-container stk-50a2668-container stk--no-background stk--no-padding\"><div class=\"stk-block-content stk-inner-blocks stk-50a2668-inner-blocks\"><p class=\"has-text-align-center has-large-font-size\">Czy podejmujesz decyzje w oparciu o dane, czy raczej o domys\u0142y i zgadywanie? <\/p>\n\n<p class=\"has-text-align-center has-medium-font-size\">Uzupe\u0142nij sw\u00f3j marketing w Meta Ads o checklisty, oparte na latach do\u015bwiadczenia Cloudwise. <\/p>\n\n<p class=\"has-text-align-center has-medium-font-size\">Otrzymasz <span style=\"color: #000000;background-color: #ffd4cf\" class=\"stk-highlight\"><strong>dwie kompleksowe checklisty<\/strong><\/span> do pobrania, kt\u00f3re pomog\u0105 usprawni\u0107 proces planowania i publikacji kampanii, a nast\u0119pnie ich zaawansowanej optymalizacji.<\/p>\n\n<p class=\"has-text-align-center has-large-font-size\"><strong>Osi\u0105gaj lepsze wyniki bez zwi\u0119kszania bud\u017cet\u00f3w mediowych!<\/strong><\/p><\/div><\/div><\/div><\/div><\/div><div class=\"wp-block-stackable-columns stk-block-columns stk-block stk-ffe301f\" data-block-id=\"ffe301f\"><style>.stk-ffe301f {padding-top:17px !important;padding-right:17px !important;padding-bottom:17px !important;padding-left:17px !important;margin-bottom:90px !important;}.stk-ffe301f-column{--stk-column-gap:34px !important;flex-wrap:wrap !important;--stk-flex-grow:0 !important;}<\/style><div class=\"stk-row stk-inner-blocks stk-block-content stk-content-align stk-ffe301f-column\"><div class=\"wp-block-stackable-column stk-block-column stk-column stk-block stk-4dcac45 stk-block-background\" data-v=\"4\" data-block-id=\"4dcac45\"><style>.stk-4dcac45 {border-top-left-radius:22px !important;border-top-right-radius:22px !important;border-bottom-right-radius:22px !important;border-bottom-left-radius:22px !important;overflow:hidden !important;}.stk-4dcac45-container{max-width:1000px !important;min-width:auto !important;}<\/style><div class=\"stk-column-wrapper stk-block-column__content stk-container stk-4dcac45-container stk--no-background stk--no-padding\"><div class=\"stk-block-content stk-inner-blocks stk-4dcac45-inner-blocks\"><p class=\"has-text-align-center has-palette-color-4-color has-text-color has-link-color has-large-font-size wp-elements-ff2c02c67c6aafd898bfffcdf8528b37\"><strong>Dla kogo?<\/strong><\/p>\n\n<p class=\"has-text-align-center has-palette-color-4-color has-text-color has-link-color has-medium-font-size wp-elements-ebf3cded1c708be81017556eb899ae89\">Niezale\u017cnie czy pracujesz jako specjalista, czy zarz\u0105dzasz w\u0142asnym e-commerce, czy te\u017c zwyczajnie chcesz wykona\u0107 audyt prac agencji.<\/p><\/div><\/div><\/div>\n\n<div class=\"wp-block-stackable-column stk-block-column stk-column stk-block stk-7668e70 stk-block-background\" data-v=\"4\" data-block-id=\"7668e70\"><style>.stk-7668e70 {border-top-left-radius:27px !important;border-top-right-radius:27px !important;border-bottom-right-radius:27px !important;border-bottom-left-radius:27px !important;overflow:hidden !important;}.stk-7668e70-container{max-width:1000px !important;min-width:auto !important;}<\/style><div class=\"stk-column-wrapper stk-block-column__content stk-container stk-7668e70-container stk--no-background stk--no-padding\"><div class=\"stk-block-content stk-inner-blocks stk-7668e70-inner-blocks\"><h3 class=\"wp-block-heading has-text-align-center\">Co zyskasz?<\/h3>\n\n<div class=\"wp-block-stackable-icon-list stk-block-icon-list stk-block stk-c484b96\" data-block-id=\"c484b96\"><style>.stk-c484b96 {--stk-icon-list-row-gap:34px !important;--stk-icon-list-marker-color:#00a568 !important;--stk-icon-height:24px !important;}.stk-c484b96 .stk-block-icon-list-item__content{align-items:baseline !important;margin-inline:0 auto !important;}.stk-c484b96 ul .stk-block-icon-list-item__content .stk--inner-svg, .stk-c484b96 ol .stk-block-icon-list-item__content .stk-block-icon-list-item__marker{transform:translateY(7px) !important;}<\/style><svg style=\"display:none\"><defs><g id=\"stk-icon-list__icon-svg-def-c484b96\"><svg xmlns=\"http:\/\/www.w3.org\/2000\/svg\" viewBox=\"0 0 190 190\"><polygon points=\"173.8,28.4 60.4,141.8 15.7,97.2 5.1,107.8 60.4,163 184.4,39 173.8,28.4\"\/><\/svg><\/g><\/defs><\/svg><ul class=\"stk-block-icon-list__ul stk-block-icon-list--column\"><li class=\"wp-block-stackable-icon-list-item stk-block-icon-list-item stk-block stk-eb6cc6a\" data-block-id=\"eb6cc6a\"><div class=\"stk-block-icon-list-item__content\"><span class=\"stk--svg-wrapper\"><div class=\"stk--inner-svg\"><svg aria-hidden=\"true\" width=\"32\" height=\"32\"><use xlink:href=\"#stk-icon-list__icon-svg-def-c484b96\"><\/use><\/svg><\/div><\/span><span class=\"stk-block-icon-list-item__text\">drastyczn\u0105 i powtarzaln\u0105 popraw\u0119 rentowno\u015bci kampanii reklamowych,<\/span><\/div><\/li>\n\n<li class=\"wp-block-stackable-icon-list-item stk-block-icon-list-item stk-block stk-d5366e3\" data-block-id=\"d5366e3\"><div class=\"stk-block-icon-list-item__content\"><span class=\"stk--svg-wrapper\"><div class=\"stk--inner-svg\"><svg aria-hidden=\"true\" width=\"32\" height=\"32\"><use xlink:href=\"#stk-icon-list__icon-svg-def-c484b96\"><\/use><\/svg><\/div><\/span><span class=\"stk-block-icon-list-item__text\">lepsz\u0105 organizacj\u0119 pracy w Twoim zespole,<\/span><\/div><\/li>\n\n<li class=\"wp-block-stackable-icon-list-item stk-block-icon-list-item stk-block stk-e9abf70\" data-block-id=\"e9abf70\"><div class=\"stk-block-icon-list-item__content\"><span class=\"stk--svg-wrapper\"><div class=\"stk--inner-svg\"><svg aria-hidden=\"true\" width=\"32\" height=\"32\"><use xlink:href=\"#stk-icon-list__icon-svg-def-c484b96\"><\/use><\/svg><\/div><\/span><span class=\"stk-block-icon-list-item__text\">wi\u0119ksze zadowolenie klient\u00f3w dzi\u0119ki przejrzystej i skutecznej strategii reklamowej.<\/span><\/div><\/li><\/ul><\/div><\/div><\/div><\/div><\/div><\/div><div class=\"wp-block-stackable-columns stk-block-columns stk-block stk-ff8f741\" data-block-id=\"ff8f741\"><style>.stk-ff8f741 .stk--block-align-ff8f741{align-items:center !important;}.stk-ff8f741 {margin-bottom:56px !important;}.stk-ff8f741-column{flex-wrap:wrap !important;--stk-flex-grow:0 !important;justify-content:center !important;}<\/style><div class=\"stk-row stk-inner-blocks stk--block-align-ff8f741 stk-block-content stk-content-align stk-ff8f741-column stk--flex\"><div class=\"wp-block-stackable-column stk-block-column stk-column stk-block stk-6328982\" data-v=\"4\" data-block-id=\"6328982\"><div class=\"stk-column-wrapper stk-block-column__content stk-container stk-6328982-container stk--no-background stk--no-padding\"><div class=\"stk-block-content stk-inner-blocks stk-6328982-inner-blocks\"><div class=\"wp-block-stackable-button-group aligncenter stk-block-button-group stk-block stk-56bda4b\" data-block-id=\"56bda4b\"><style>.stk-56bda4b .stk-button-group{flex-direction:row !important;}@media screen and (max-width:999px){.stk-56bda4b .stk-button-group{flex-direction:row !important;}}@media screen and (max-width:689px){.stk-56bda4b .stk-button-group{flex-direction:row !important;}}<\/style><div class=\"stk-row stk-inner-blocks has-text-align-center stk-block-content stk-button-group\"><div class=\"wp-block-stackable-button stk-block-button stk-block stk-f6ac497\" data-block-id=\"f6ac497\"><style>.stk-f6ac497 .stk-button{padding-top:17px !important;padding-right:38px !important;padding-bottom:17px !important;padding-left:38px !important;background:linear-gradient(135deg,rgba(255,105,0,1) 0%,rgb(207,46,46) 100%) !important;}.stk-f6ac497 .stk-button .stk--inner-svg svg:last-child{height:26px !important;width:26px !important;opacity:1 !important;}.stk-f6ac497 .stk-button__inner-text{font-size:26px !important;}@media screen and (max-width:999px){.stk-f6ac497 .stk-button__inner-text{font-size:26px !important;}}<\/style><a class=\"stk-link stk-button stk--hover-effect-darken\" href=\"https:\/\/cloudwiseapp.com\/zamowienie?add-to-cart=1741\"><span class=\"stk-button__inner-text\">Kup checklist\u0119<\/span><span class=\"stk--svg-wrapper\"><div class=\"stk--inner-svg\"><svg xmlns=\"http:\/\/www.w3.org\/2000\/svg\" viewBox=\"0 0 448 512\" aria-hidden=\"true\" width=\"32\" height=\"32\"><path d=\"M190.5 66.9l22.2-22.2c9.4-9.4 24.6-9.4 33.9 0L441 239c9.4 9.4 9.4 24.6 0 33.9L246.6 467.3c-9.4 9.4-24.6 9.4-33.9 0l-22.2-22.2c-9.5-9.5-9.3-25 .4-34.3L311.4 296H24c-13.3 0-24-10.7-24-24v-32c0-13.3 10.7-24 24-24h287.4L190.9 101.2c-9.8-9.3-10-24.8-.4-34.3z\"><\/path><\/svg><\/div><\/span><\/a><\/div><\/div><\/div><\/div><\/div><\/div>\n\n<div class=\"wp-block-stackable-column stk-block-column stk-column stk-block stk-7021e82\" data-v=\"4\" data-block-id=\"7021e82\"><div class=\"stk-column-wrapper stk-block-column__content stk-container stk-7021e82-container stk--no-background stk--no-padding\"><div class=\"stk-block-content stk-inner-blocks stk-7021e82-inner-blocks\"><div class=\"wp-block-stackable-subtitle stk-block-subtitle stk-block stk-7fe2ea5\" data-block-id=\"7fe2ea5\"><style>.stk-7fe2ea5 {margin-top:0px !important;margin-bottom:-12px !important;}.stk-7fe2ea5 .stk-block-subtitle__text{font-size:30px !important;}@media screen and (max-width:999px){.stk-7fe2ea5 .stk-block-subtitle__text{font-size:30px !important;}}<\/style><p class=\"stk-block-subtitle__text stk-subtitle\">199 z\u0142<\/p><\/div>\n\n<div class=\"wp-block-stackable-subtitle stk-block-subtitle stk-block stk-0a6a9a7\" data-block-id=\"0a6a9a7\"><p class=\"stk-block-subtitle__text stk-subtitle\">netto (doliczamy 23% VAT)<\/p><\/div><\/div><\/div><\/div><\/div><\/div><div class=\"wp-block-stackable-columns stk-block-columns stk-block stk-e0c45f8\" data-block-id=\"e0c45f8\"><style>.stk-e0c45f8 {margin-bottom:56px !important;}<\/style><div class=\"stk-row stk-inner-blocks stk-block-content stk-content-align stk-e0c45f8-column\"><div class=\"wp-block-stackable-column stk-block-column stk-column stk-block stk-2d9c947\" data-v=\"4\" data-block-id=\"2d9c947\"><style>.stk-2d9c947 {align-self:center !important;}.stk-2d9c947-inner-blocks{align-items:center !important;}<\/style><div class=\"stk-column-wrapper stk-block-column__content stk-container stk-2d9c947-container stk--no-background stk--no-padding\"><div class=\"has-text-align-center stk--column-flex stk-block-content stk-inner-blocks stk-2d9c947-inner-blocks\"><p><strong>Bezpieczne p\u0142atno\u015bci dzi\u0119ki<\/strong><\/p>\n\n<figure class=\"wp-block-image is-resized\"><img decoding=\"async\" src=\"https:\/\/multimedia.newsletter.cloudwise.pl\/cloudwise-B\/photos\/dcd90c2a-9ba9-42f1-94d4-e7b8176b06b0.png\" alt=\"Cloudwise - Wyszukiwanie ukrytych zainteresowa\u0144 w Meta Ads\" style=\"width:101px;height:auto\"\/><\/figure><\/div><\/div><\/div>\n\n<div class=\"wp-block-stackable-column stk-block-column stk-column stk-block stk-a4667c8\" data-v=\"4\" data-block-id=\"a4667c8\"><style>.stk-a4667c8-inner-blocks{align-items:center !important;}<\/style><div class=\"stk-column-wrapper stk-block-column__content stk-container stk-a4667c8-container stk--no-background stk--no-padding\"><div class=\"stk--column-flex stk-block-content stk-inner-blocks stk-a4667c8-inner-blocks\"><p><strong>100% gwarancji satysfakcji<\/strong><\/p>\n\n<div class=\"wp-block-stackable-icon stk-block-icon stk-block stk-c93695d\" data-block-id=\"c93695d\"><style>.stk-c93695d .stk--svg-wrapper .stk--inner-svg svg:last-child, .stk-c93695d .stk--svg-wrapper .stk--inner-svg svg:last-child :is(g, path, rect, polygon, ellipse){fill:#00d084 !important;}<\/style><span class=\"stk--svg-wrapper\"><div class=\"stk--inner-svg\"><svg style=\"height:0;width:0\"><defs><linearGradient id=\"linear-gradient-c93695d\" x1=\"0\" x2=\"100%\" y1=\"0\" y2=\"0\"><stop offset=\"0%\" style=\"stop-opacity:1;stop-color:var(--linear-gradient-c-93695-d-color-1)\"><\/stop><stop offset=\"100%\" style=\"stop-opacity:1;stop-color:var(--linear-gradient-c-93695-d-color-2)\"><\/stop><\/linearGradient><\/defs><\/svg><svg xmlns=\"http:\/\/www.w3.org\/2000\/svg\" viewBox=\"0 0 512 512\" aria-hidden=\"true\" width=\"32\" height=\"32\"><path d=\"M256 8C119.033 8 8 119.033 8 256s111.033 248 248 248 248-111.033 248-248S392.967 8 256 8zm0 48c110.532 0 200 89.451 200 200 0 110.532-89.451 200-200 200-110.532 0-200-89.451-200-200 0-110.532 89.451-200 200-200m140.204 130.267l-22.536-22.718c-4.667-4.705-12.265-4.736-16.97-.068L215.346 303.697l-59.792-60.277c-4.667-4.705-12.265-4.736-16.97-.069l-22.719 22.536c-4.705 4.667-4.736 12.265-.068 16.971l90.781 91.516c4.667 4.705 12.265 4.736 16.97.068l172.589-171.204c4.704-4.668 4.734-12.266.067-16.971z\"><\/path><\/svg><\/div><\/span><\/div><\/div><\/div><\/div><\/div><\/div>","protected":false},"excerpt":{"rendered":"<p>Wyj\u0105tkowa checklista na 2025 rok! Sekrety skutecznego prowadzenia kampanii Meta Ads od Cloudwise. Checklista 1 000% ROAS w Meta Ads od Cloudwise. Kup checklist\u0119 Czy podejmujesz decyzje w oparciu o dane, czy raczej o domys\u0142y i zgadywanie? Uzupe\u0142nij sw\u00f3j marketing w Meta Ads o checklisty, oparte na latach do\u015bwiadczenia Cloudwise. Otrzymasz dwie kompleksowe checklisty do [&hellip;]<\/p>\n","protected":false},"featured_media":0,"template":"","meta":[],"product_brand":[],"product_cat":[19],"product_tag":[],"class_list":{"0":"post-1741","1":"product","2":"type-product","3":"status-publish","5":"product_cat-rozwiazania","7":"first","8":"instock","9":"downloadable","10":"virtual","11":"sold-individually","12":"taxable","13":"purchasable","14":"product-type-simple"},"acf":[],"_links":{"self":[{"href":"https:\/\/cloudwiseapp.com\/en\/wp-json\/wp\/v2\/product\/1741","targetHints":{"allow":["GET"]}}],"collection":[{"href":"https:\/\/cloudwiseapp.com\/en\/wp-json\/wp\/v2\/product"}],"about":[{"href":"https:\/\/cloudwiseapp.com\/en\/wp-json\/wp\/v2\/types\/product"}],"wp:attachment":[{"href":"https:\/\/cloudwiseapp.com\/en\/wp-json\/wp\/v2\/media?parent=1741"}],"wp:term":[{"taxonomy":"product_brand","embeddable":true,"href":"https:\/\/cloudwiseapp.com\/en\/wp-json\/wp\/v2\/product_brand?post=1741"},{"taxonomy":"product_cat","embeddable":true,"href":"https:\/\/cloudwiseapp.com\/en\/wp-json\/wp\/v2\/product_cat?post=1741"},{"taxonomy":"product_tag","embeddable":true,"href":"https:\/\/cloudwiseapp.com\/en\/wp-json\/wp\/v2\/product_tag?post=1741"}],"curies":[{"name":"wp","href":"https:\/\/api.w.org\/{rel}","templated":true}]}}