{"id":1334,"date":"2022-06-06T11:46:01","date_gmt":"2022-06-06T09:46:01","guid":{"rendered":"https:\/\/cloudwiseapp.com\/solutions\/"},"modified":"2022-07-14T11:30:14","modified_gmt":"2022-07-14T09:30:14","slug":"solutions","status":"publish","type":"page","link":"https:\/\/cloudwiseapp.com\/en\/solutions\/","title":{"rendered":"Solutions"},"content":{"rendered":"<div id=\"apps\">\n    <div class=\"apps--single\"><div class=\"cw-single-app-splash cw-single-app\">\n                <div>\n                    <img decoding=\"async\" src=\"https:\/\/cloudwiseapp.com\/wp-content\/uploads\/2022\/04\/icons8-combo-chart-96.png\" alt=\"Analytics and recommendations - icon\" class=\"cw-single-app__icon-big\" \/>\n                <\/div>\n                <div>\n                    <p class=\"cw-single-app__title\"> Analytics and recommendations<\/p>\n                    <p class=\"cw-single-app__desc\">The most important results of your campaigns in one convenient dashboard, enhanced with intelligent recommendations and analytics.<\/p>\n                <\/div>  \n            <\/div><\/div><div class=\"apps--single\"><div class=\"apps--single\"><div class=\"cw-single-app-splash cw-single-app\">\n                <div>\n                    <img decoding=\"async\" src=\"https:\/\/cloudwiseapp.com\/wp-content\/uploads\/2022\/06\/icons8-search-database-96.png\" alt=\"Data exploration - icon\" class=\"cw-single-app__icon-big\" \/>\n                <\/div>\n                <div>\n                    <p class=\"cw-single-app__title\"> Data exploration<span class=\"soon-label\">soon<\/span><\/p>\n                    <p class=\"cw-single-app__desc\">Discover rules and conclusions contained in campaign data using based on statistical methods and artificial intelligence techniques. \r\n<\/p>\n                <\/div>  \n            <\/div><\/div><div class=\"apps--single\"><div class=\"cw-single-app-splash cw-single-app\">\n                <div>\n                    <img decoding=\"async\" src=\"https:\/\/cloudwiseapp.com\/wp-content\/uploads\/2022\/04\/icons8-favorite-cart-96.png\" alt=\"Shopping Cart Analysis - icon\" class=\"cw-single-app__icon-big\" \/>\n                <\/div>\n                <div>\n                    <p class=\"cw-single-app__title\"> Shopping Cart Analysis<span class=\"soon-label\">soon<\/span><\/p>\n                    <p class=\"cw-single-app__desc\">Benefit from the power of data and discover correlations in your sales.<\/p>\n                <\/div>  \n            <\/div><\/div><div class=\"apps--single\"><a href=\"https:\/\/cloudwiseapp.com\/en\/solution\/hidden-interests-for-facebook-ads\/\"><div class=\"cw-single-app-splash cw-single-app\">\n                <div>\n                    <img decoding=\"async\" src=\"https:\/\/cloudwiseapp.com\/wp-content\/uploads\/2022\/04\/icons8-closed-eye-96.png\" alt=\"Hidden interests - icon\" class=\"cw-single-app__icon-big\" \/>\n                <\/div>\n                <div>\n                    <p class=\"cw-single-app__title\"> Hidden interests<i class=\"fas fa-arrow-right ml-3\"><\/i><\/p>\n                    <p class=\"cw-single-app__desc\">Reach audiences that no one else is targeting to increase conversions and buy ads at a discounted rate.<\/p>\n                <\/div>  \n            <\/div><\/a><\/div><\/div>","protected":false},"excerpt":{"rendered":"<p>Explore the products and solutions that improve your efficiency.<\/p>\n","protected":false},"author":1,"featured_media":0,"parent":0,"menu_order":0,"comment_status":"closed","ping_status":"closed","template":"","meta":{"footnotes":""},"class_list":["post-1334","page","type-page","status-publish","hentry"],"blocksy_meta":{"styles_descriptor":{"styles":{"desktop":"[data-prefix=\"single_page\"] .entry-header .page-title {--theme-font-size:30px;} [data-prefix=\"single_page\"] .entry-header .entry-meta {--theme-font-weight:600;--theme-text-transform:uppercase;--theme-font-size:12px;--theme-line-height:1.3;} [data-prefix=\"single_page\"] .hero-section[data-type=\"type-2\"] {background-color:var(--theme-palette-color-6);background-image:none;--container-padding:50px 0;}","tablet":"","mobile":""},"google_fonts":{"DM Sans":["n4","n6"]},"version":6},"page_title_panel":"","has_hero_section":"enabled","3de080753149b12484840a61d806974a":"","hero_section":"type-2","hero_elements":[{"id":"custom_title","enabled":true,"heading_tag":"h1","title":"Strona g\u0142\u00f3wna"},{"id":"custom_description","enabled":true,"description_visibility":{"desktop":true,"tablet":true,"mobile":false}},{"id":"custom_meta","enabled":false,"meta_elements":[{"id":"author","enabled":true,"label":"Przez","has_author_avatar":"yes","avatar_size":25},{"id":"post_date","enabled":true,"label":"W\u0142\u0105cz","date_format_source":"default","date_format":"M j, Y"},{"id":"updated_date","enabled":false,"label":"W\u0142\u0105cz","date_format_source":"default","date_format":"M j, Y"},{"id":"categories","enabled":false,"label":"W","style":"simple"},{"id":"comments","enabled":true}],"page_meta_elements":{"joined":true,"articles_count":true,"comments":true}},{"id":"breadcrumbs","enabled":false}],"a5075d1c04d79b12e81bbb65a03da691":"","hero_alignment1":"CT_CSS_SKIP_RULE","hero_margin":40,"hero_alignment2":"center","hero_vertical_alignment":"center","02cba9b91f15965174973b0d70970601":"","hero_structure":"narrow","853189b83e64d21a9c00fcf9d91d4b8f":"","page_title_bg_type":"featured_image","custom_hero_background":{"attachment_id":null},"page_title_image_size":"full","parallax":{"desktop":false,"tablet":false,"mobile":false},"a7e4f8226f81bdcb1d9a6b77ea21cf7e":"","hero_height":"250px","pageTitleFont":{"family":"Default","variation":"Default","size":"30px","line-height":"CT_CSS_SKIP_RULE","letter-spacing":"CT_CSS_SKIP_RULE","text-transform":"CT_CSS_SKIP_RULE","text-decoration":"CT_CSS_SKIP_RULE"},"pageTitleFontColor":{"default":{"color":"CT_CSS_SKIP_RULEDEFAULT"}},"pageMetaFont":{"family":"Default","variation":"n6","size":"12px","line-height":"1.3","letter-spacing":"CT_CSS_SKIP_RULE","text-transform":"uppercase","text-decoration":"CT_CSS_SKIP_RULE"},"pageMetaFontColor":{"default":{"color":"CT_CSS_SKIP_RULEDEFAULT"},"hover":{"color":"CT_CSS_SKIP_RULEDEFAULT"}},"page_meta_button_type_font_colors":{"default":{"color":"CT_CSS_SKIP_RULEDEFAULT"},"hover":{"color":"CT_CSS_SKIP_RULEDEFAULT"}},"page_meta_button_type_background_colors":{"default":{"color":"CT_CSS_SKIP_RULEDEFAULT"},"hover":{"color":"CT_CSS_SKIP_RULEDEFAULT"}},"pageExcerptFont":{"family":"Default","variation":"Default","size":"CT_CSS_SKIP_RULE","line-height":"CT_CSS_SKIP_RULE","letter-spacing":"CT_CSS_SKIP_RULE","text-transform":"CT_CSS_SKIP_RULE","text-decoration":"CT_CSS_SKIP_RULE"},"pageExcerptColor":{"default":{"color":"CT_CSS_SKIP_RULEDEFAULT"}},"breadcrumbsFont":{"family":"Default","variation":"Default","size":"CT_CSS_SKIP_RULE","line-height":"CT_CSS_SKIP_RULE","letter-spacing":"CT_CSS_SKIP_RULE","text-transform":"CT_CSS_SKIP_RULE","text-decoration":"CT_CSS_SKIP_RULE"},"breadcrumbsFontColor":{"default":{"color":"CT_CSS_SKIP_RULEDEFAULT"},"initial":{"color":"CT_CSS_SKIP_RULEDEFAULT"},"hover":{"color":"CT_CSS_SKIP_RULEDEFAULT"}},"pageTitleOverlay":{"background_type":"color","background_pattern":"type-1","background_image":{"attachment_id":null,"x":0,"y":0},"gradient":"linear-gradient(135deg,rgba(6,147,227,1) 0%,rgb(155,81,224) 100%)","background_repeat":"repeat","background_size":"auto","background_attachment":"scroll","patternColor":{"default":{"color":"#e5e7ea"}},"overlayColor":{"default":{"color":"CT_CSS_SKIP_RULE"}},"backgroundColor":{"default":{"color":"CT_CSS_SKIP_RULE"}}},"pageTitleBackground":{"background_type":"color","background_pattern":"type-1","background_image":{"attachment_id":null,"x":0,"y":0},"gradient":"linear-gradient(135deg,rgba(6,147,227,1) 0%,rgb(155,81,224) 100%)","background_repeat":"repeat","background_size":"auto","background_attachment":"scroll","patternColor":{"default":{"color":"#e5e7ea"}},"overlayColor":{"default":{"color":"CT_CSS_SKIP_RULE"}},"backgroundColor":{"default":{"color":"var(--theme-palette-color-6)"}}},"pageTitlePadding":{"top":"50px","bottom":"50px","left":"auto","right":"auto","linked":true},"d8a0f943226ff0dd67352c76f3409d2d":"","page_structure_type":"default","523729dea10a78786f250edf8b7bdc65":"","content_style_source":"inherit","content_style":"wide","vertical_spacing_source":"inherit","content_area_spacing":"both","background":{"background_type":"color","background_pattern":"type-1","background_image":{"attachment_id":null,"x":0,"y":0},"gradient":"linear-gradient(135deg,rgba(6,147,227,1) 0%,rgb(155,81,224) 100%)","background_repeat":"repeat","background_size":"auto","background_attachment":"scroll","patternColor":{"default":{"color":"#e5e7ea"}},"overlayColor":{"default":{"color":"CT_CSS_SKIP_RULE"}},"backgroundColor":{"default":{"color":"CT_CSS_SKIP_RULE"}}},"content_background":{"background_type":"color","background_pattern":"type-1","background_image":{"attachment_id":null,"x":0,"y":0},"gradient":"linear-gradient(135deg,rgba(6,147,227,1) 0%,rgb(155,81,224) 100%)","background_repeat":"repeat","background_size":"auto","background_attachment":"scroll","patternColor":{"default":{"color":"#e5e7ea"}},"overlayColor":{"default":{"color":"CT_CSS_SKIP_RULE"}},"backgroundColor":{"default":{"color":"var(--theme-palette-color-8)"}}},"content_boxed_shadow":{"inherit":false,"blur":18,"spread":-6,"v_offset":12,"h_offset":0,"inset":false,"enable":true,"color":{"color":"rgba(34, 56, 101, 0.04)"}},"boxed_content_spacing":{"desktop":{"top":"40px","bottom":"40px","left":"40px","right":"40px","linked":true},"tablet":{"top":"35px","bottom":"35px","left":"35px","right":"35px","linked":true},"mobile":{"top":"20px","bottom":"20px","left":"20px","right":"20px","linked":true}},"content_boxed_radius":{"top":"3px","bottom":"3px","left":"3px","right":"3px","linked":true},"1561a774b94c95a746f65968a7f9539d":"","disable_featured_image":"no","disable_share_box":"no","disable_header":"no","disable_footer":"no"},"acf":[],"_links":{"self":[{"href":"https:\/\/cloudwiseapp.com\/en\/wp-json\/wp\/v2\/pages\/1334","targetHints":{"allow":["GET"]}}],"collection":[{"href":"https:\/\/cloudwiseapp.com\/en\/wp-json\/wp\/v2\/pages"}],"about":[{"href":"https:\/\/cloudwiseapp.com\/en\/wp-json\/wp\/v2\/types\/page"}],"author":[{"embeddable":true,"href":"https:\/\/cloudwiseapp.com\/en\/wp-json\/wp\/v2\/users\/1"}],"replies":[{"embeddable":true,"href":"https:\/\/cloudwiseapp.com\/en\/wp-json\/wp\/v2\/comments?post=1334"}],"version-history":[{"count":1,"href":"https:\/\/cloudwiseapp.com\/en\/wp-json\/wp\/v2\/pages\/1334\/revisions"}],"predecessor-version":[{"id":1335,"href":"https:\/\/cloudwiseapp.com\/en\/wp-json\/wp\/v2\/pages\/1334\/revisions\/1335"}],"wp:attachment":[{"href":"https:\/\/cloudwiseapp.com\/en\/wp-json\/wp\/v2\/media?parent=1334"}],"curies":[{"name":"wp","href":"https:\/\/api.w.org\/{rel}","templated":true}]}}