{"id":1324,"date":"2022-05-15T18:38:35","date_gmt":"2022-05-15T16:38:35","guid":{"rendered":"https:\/\/cloudwiseapp.com\/about-cloudwise\/"},"modified":"2022-09-22T15:39:57","modified_gmt":"2022-09-22T13:39:57","slug":"about-cloudwise","status":"publish","type":"page","link":"https:\/\/cloudwiseapp.com\/en\/about-cloudwise\/","title":{"rendered":"About Cloudwise"},"content":{"rendered":"<div class=\"wp-block-stackable-columns stk-block-columns stk-block stk-55bbb02\" data-block-id=\"55bbb02\"><div class=\"stk-row stk-inner-blocks stk-block-content stk-content-align stk-55bbb02-column\"><div class=\"wp-block-stackable-column stk-block-column stk-column stk-block stk-dabd7cd\" data-block-id=\"dabd7cd\"><style>@media screen and (min-width:690px){.stk-dabd7cd{flex:1 1 25% !important}}<\/style><div class=\"stk-column-wrapper stk-block-column__content stk-container stk-dabd7cd-container stk--no-background stk--no-padding\"><div class=\"stk-block-content stk-inner-blocks\"><\/div><\/div><\/div>\n\n<div class=\"wp-block-stackable-column stk-block-column stk-column stk-block stk-338248e\" data-block-id=\"338248e\"><style>@media screen and (min-width:690px){.stk-338248e{flex:1 1 50% !important}}<\/style><div class=\"stk-column-wrapper stk-block-column__content stk-container stk-338248e-container stk--no-background stk--no-padding\"><div class=\"stk-block-content stk-inner-blocks\"><h1 class=\"has-text-align-center wp-block-heading\">About Cloudwise<\/h1>\n\n<p class=\"has-text-align-center\">Cloudwise combines technology, data engineering and social media to build assets that generate scalable growth in business results. We have the resources to support agencies and marketing departments with the technical competencies they lack. With data science, we achieve extreme campaign optimization and drive customers from first click to repeat sales. Replace your top sales team in the digital channel with complete systems using our tools.   <\/p>\n\n<p><\/p><\/div><\/div><\/div>\n\n<div class=\"wp-block-stackable-column stk-block-column stk-column stk-block stk-5750400\" data-block-id=\"5750400\"><style>@media screen and (min-width:690px){.stk-5750400{flex:1 1 25% !important}}<\/style><div class=\"stk-column-wrapper stk-block-column__content stk-container stk-5750400-container stk--no-background stk--no-padding\"><div class=\"stk-block-content stk-inner-blocks\"><\/div><\/div><\/div><\/div><\/div><div style=\"height:100px\" aria-hidden=\"true\" class=\"wp-block-spacer\"><\/div><div class=\"wp-block-stackable-columns stk-block-columns stk-block stk-0f3ce76\" data-block-id=\"0f3ce76\"><div class=\"stk-row stk-inner-blocks stk-block-content stk-content-align stk-0f3ce76-column\"><div class=\"wp-block-stackable-column stk-block-column stk-column stk-block stk-60a9c29\" data-block-id=\"60a9c29\"><div class=\"stk-column-wrapper stk-block-column__content stk-container stk-60a9c29-container stk--no-background stk--no-padding\"><div class=\"stk-block-content stk-inner-blocks\"><div class=\"wp-block-contact-form-7-contact-form-selector\">\n<div class=\"wpcf7 no-js\" id=\"wpcf7-f1485-o1\" lang=\"en-US\" dir=\"ltr\" data-wpcf7-id=\"1485\">\n<div class=\"screen-reader-response\"><p role=\"status\" aria-live=\"polite\" aria-atomic=\"true\"><\/p> <ul><\/ul><\/div>\n<form action=\"\/en\/wp-json\/wp\/v2\/pages\/1324#wpcf7-f1485-o1\" method=\"post\" class=\"wpcf7-form init\" aria-label=\"Contact form\" novalidate=\"novalidate\" data-status=\"init\">\n<div style=\"display: none;\">\n<input type=\"hidden\" name=\"_wpcf7\" value=\"1485\" \/>\n<input type=\"hidden\" name=\"_wpcf7_version\" value=\"6.0.6\" \/>\n<input type=\"hidden\" name=\"_wpcf7_locale\" value=\"en_US\" \/>\n<input type=\"hidden\" name=\"_wpcf7_unit_tag\" value=\"wpcf7-f1485-o1\" \/>\n<input type=\"hidden\" name=\"_wpcf7_container_post\" value=\"0\" \/>\n<input type=\"hidden\" name=\"_wpcf7_posted_data_hash\" value=\"\" \/>\n<input type=\"hidden\" name=\"_wpcf7_recaptcha_response\" value=\"\" \/>\n<\/div>\n<div class=\"row\">\n\t<div class=\"col\">\n\t\t<p><label> Name<br \/>\n<span class=\"wpcf7-form-control-wrap\" data-name=\"your-name\"><input size=\"40\" maxlength=\"400\" class=\"wpcf7-form-control wpcf7-text wpcf7-validates-as-required\" aria-required=\"true\" aria-invalid=\"false\" value=\"\" type=\"text\" name=\"your-name\" \/><\/span> <\/label>\n\t\t<\/p>\n\t<\/div>\n\t<div class=\"col\">\n\t\t<p><label> E-mail<br \/>\n<span class=\"wpcf7-form-control-wrap\" data-name=\"your-email\"><input size=\"40\" maxlength=\"400\" class=\"wpcf7-form-control wpcf7-email wpcf7-validates-as-required wpcf7-text wpcf7-validates-as-email\" aria-required=\"true\" aria-invalid=\"false\" value=\"\" type=\"email\" name=\"your-email\" \/><\/span> <\/label>\n\t\t<\/p>\n\t<\/div>\n<\/div>\n<div class=\"row\">\n\t<div class=\"col\">\n\t\t<p>Estimated project budget?\n\t\t<\/p>\n\t\t<p><span class=\"wpcf7-form-control-wrap\" data-name=\"checkbox-731\"><span class=\"wpcf7-form-control wpcf7-checkbox\"><span class=\"wpcf7-list-item first\"><label><input type=\"checkbox\" name=\"checkbox-731[]\" value=\"Low budget\" \/><span class=\"wpcf7-list-item-label\">Low budget<\/span><\/label><\/span><span class=\"wpcf7-list-item\"><label><input type=\"checkbox\" name=\"checkbox-731[]\" value=\"2 000 EUR - 7 000 EUR\" \/><span class=\"wpcf7-list-item-label\">2 000 EUR - 7 000 EUR<\/span><\/label><\/span><span class=\"wpcf7-list-item\"><label><input type=\"checkbox\" name=\"checkbox-731[]\" value=\"7 000 EUR - 15 000 EUR\" \/><span class=\"wpcf7-list-item-label\">7 000 EUR - 15 000 EUR<\/span><\/label><\/span><span class=\"wpcf7-list-item last\"><label><input type=\"checkbox\" name=\"checkbox-731[]\" value=\"15 000+ EUR\" \/><span class=\"wpcf7-list-item-label\">15 000+ EUR<\/span><\/label><\/span><\/span><\/span>\n\t\t<\/p>\n\t<\/div>\n<\/div>\n<div class=\"row\">\n\t<div class=\"col\">\n\t\t<p><label> Message<br \/>\n<span class=\"wpcf7-form-control-wrap\" data-name=\"your-message\"><textarea cols=\"40\" rows=\"10\" maxlength=\"2000\" class=\"wpcf7-form-control wpcf7-textarea wpcf7-validates-as-required\" aria-required=\"true\" aria-invalid=\"false\" name=\"your-message\"><\/textarea><\/span> <\/label>\n\t\t<\/p>\n\t<\/div>\n<\/div>\n<span class=\"wpcf7-form-control-wrap recaptcha\" data-name=\"recaptcha\"><span data-sitekey=\"6Lc0dkogAAAAAK_YVn8-xZtuHjta-GykuBgTleJj\" class=\"wpcf7-form-control wpcf7-recaptcha g-recaptcha\"><\/span>\r\n<noscript>\r\n\t<div class=\"grecaptcha-noscript\">\r\n\t\t<iframe loading=\"lazy\" src=\"https:\/\/www.google.com\/recaptcha\/api\/fallback?k=6Lc0dkogAAAAAK_YVn8-xZtuHjta-GykuBgTleJj\" frameborder=\"0\" scrolling=\"no\" width=\"310\" height=\"430\">\r\n\t\t<\/iframe>\r\n\t\t<textarea name=\"g-recaptcha-response\" rows=\"3\" cols=\"40\" placeholder=\"reCaptcha Response Here\">\r\n\t\t<\/textarea>\r\n\t<\/div>\r\n<\/noscript>\r\n<\/span>\n<p><input class=\"wpcf7-form-control wpcf7-submit has-spinner\" type=\"submit\" value=\"Send message\" \/>\n<\/p><div class=\"wpcf7-response-output\" aria-hidden=\"true\"><\/div>\n<\/form>\n<\/div>\n<\/div><\/div><\/div><\/div><\/div><\/div>","protected":false},"excerpt":{"rendered":"<p>About Cloudwise Cloudwise combines technology, data engineering and social media to build assets that generate scalable growth in business results. We have the resources to support agencies and marketing departments with the technical competencies they lack. With data science, we achieve extreme campaign optimization and drive customers from first click to repeat sales. Replace your [&hellip;]<\/p>\n","protected":false},"author":1,"featured_media":0,"parent":0,"menu_order":0,"comment_status":"closed","ping_status":"closed","template":"","meta":{"footnotes":""},"class_list":["post-1324","page","type-page","status-publish","hentry"],"blocksy_meta":{"styles_descriptor":{"styles":{"desktop":"","tablet":"","mobile":""},"google_fonts":[],"version":6},"page_title_panel":"","has_hero_section":"disabled","770b185f79e408058c74b370a943c234":"","hero_section":"type-1","hero_elements":[{"id":"custom_title","enabled":true,"heading_tag":"h1","title":"Strona g\u0142\u00f3wna"},{"id":"custom_description","enabled":true,"description_visibility":{"desktop":true,"tablet":true,"mobile":false}},{"id":"custom_meta","enabled":false,"meta_elements":[{"id":"author","enabled":true,"label":"Przez","has_author_avatar":"yes","avatar_size":25},{"id":"post_date","enabled":true,"label":"W\u0142\u0105cz","date_format_source":"default","date_format":"M j, Y"},{"id":"updated_date","enabled":false,"label":"W\u0142\u0105cz","date_format_source":"default","date_format":"M j, Y"},{"id":"categories","enabled":false,"label":"W","style":"simple"},{"id":"comments","enabled":true}],"page_meta_elements":{"joined":true,"articles_count":true,"comments":true}},{"id":"breadcrumbs","enabled":false}],"f40e40ef82894cb3adbcc1ee07ac0d7b":"","hero_alignment1":"CT_CSS_SKIP_RULE","hero_margin":40,"hero_alignment2":"center","hero_vertical_alignment":"center","8b8771adcc3d862535048d7d418f7c00":"","hero_structure":"narrow","1b7b9b87affa75329f22c4620ac3d352":"","page_title_bg_type":"featured_image","custom_hero_background":{"attachment_id":null},"page_title_image_size":"full","parallax":{"desktop":false,"tablet":false,"mobile":false},"5b50562b36e8ea8645bd4dc86f434323":"","hero_height":"250px","pageTitleFont":{"family":"Default","variation":"Default","size":"30px","line-height":"CT_CSS_SKIP_RULE","letter-spacing":"CT_CSS_SKIP_RULE","text-transform":"CT_CSS_SKIP_RULE","text-decoration":"CT_CSS_SKIP_RULE"},"pageTitleFontColor":{"default":{"color":"CT_CSS_SKIP_RULEDEFAULT"}},"pageMetaFont":{"family":"Default","variation":"n6","size":"12px","line-height":"1.3","letter-spacing":"CT_CSS_SKIP_RULE","text-transform":"uppercase","text-decoration":"CT_CSS_SKIP_RULE"},"pageMetaFontColor":{"default":{"color":"CT_CSS_SKIP_RULEDEFAULT"},"hover":{"color":"CT_CSS_SKIP_RULEDEFAULT"}},"page_meta_button_type_font_colors":{"default":{"color":"CT_CSS_SKIP_RULEDEFAULT"},"hover":{"color":"CT_CSS_SKIP_RULEDEFAULT"}},"page_meta_button_type_background_colors":{"default":{"color":"CT_CSS_SKIP_RULEDEFAULT"},"hover":{"color":"CT_CSS_SKIP_RULEDEFAULT"}},"pageExcerptFont":{"family":"Default","variation":"Default","size":"CT_CSS_SKIP_RULE","line-height":"CT_CSS_SKIP_RULE","letter-spacing":"CT_CSS_SKIP_RULE","text-transform":"CT_CSS_SKIP_RULE","text-decoration":"CT_CSS_SKIP_RULE"},"pageExcerptColor":{"default":{"color":"CT_CSS_SKIP_RULEDEFAULT"}},"breadcrumbsFont":{"family":"Default","variation":"Default","size":"CT_CSS_SKIP_RULE","line-height":"CT_CSS_SKIP_RULE","letter-spacing":"CT_CSS_SKIP_RULE","text-transform":"CT_CSS_SKIP_RULE","text-decoration":"CT_CSS_SKIP_RULE"},"breadcrumbsFontColor":{"default":{"color":"CT_CSS_SKIP_RULEDEFAULT"},"initial":{"color":"CT_CSS_SKIP_RULEDEFAULT"},"hover":{"color":"CT_CSS_SKIP_RULEDEFAULT"}},"pageTitleOverlay":{"background_type":"color","background_pattern":"type-1","background_image":{"attachment_id":null,"x":0,"y":0},"gradient":"linear-gradient(135deg,rgba(6,147,227,1) 0%,rgb(155,81,224) 100%)","background_repeat":"repeat","background_size":"auto","background_attachment":"scroll","patternColor":{"default":{"color":"#e5e7ea"}},"overlayColor":{"default":{"color":"CT_CSS_SKIP_RULE"}},"backgroundColor":{"default":{"color":"CT_CSS_SKIP_RULE"}}},"pageTitleBackground":{"background_type":"color","background_pattern":"type-1","background_image":{"attachment_id":null,"x":0,"y":0},"gradient":"linear-gradient(135deg,rgba(6,147,227,1) 0%,rgb(155,81,224) 100%)","background_repeat":"repeat","background_size":"auto","background_attachment":"scroll","patternColor":{"default":{"color":"#e5e7ea"}},"overlayColor":{"default":{"color":"CT_CSS_SKIP_RULE"}},"backgroundColor":{"default":{"color":"var(--theme-palette-color-6)"}}},"pageTitlePadding":{"top":"50px","bottom":"50px","left":"auto","right":"auto","linked":true},"3a448e3d16bf7b06c8433039624bd777":"","page_structure_type":"default","e6425fc6a772bae2cc9901ff9fdf5e87":"","content_style_source":"inherit","content_style":"wide","vertical_spacing_source":"inherit","content_area_spacing":"both","background":{"background_type":"color","background_pattern":"type-1","background_image":{"attachment_id":null,"x":0,"y":0},"gradient":"linear-gradient(135deg,rgba(6,147,227,1) 0%,rgb(155,81,224) 100%)","background_repeat":"repeat","background_size":"auto","background_attachment":"scroll","patternColor":{"default":{"color":"#e5e7ea"}},"overlayColor":{"default":{"color":"CT_CSS_SKIP_RULE"}},"backgroundColor":{"default":{"color":"CT_CSS_SKIP_RULE"}}},"content_background":{"background_type":"color","background_pattern":"type-1","background_image":{"attachment_id":null,"x":0,"y":0},"gradient":"linear-gradient(135deg,rgba(6,147,227,1) 0%,rgb(155,81,224) 100%)","background_repeat":"repeat","background_size":"auto","background_attachment":"scroll","patternColor":{"default":{"color":"#e5e7ea"}},"overlayColor":{"default":{"color":"CT_CSS_SKIP_RULE"}},"backgroundColor":{"default":{"color":"var(--theme-palette-color-8)"}}},"content_boxed_shadow":{"inherit":false,"blur":18,"spread":-6,"v_offset":12,"h_offset":0,"inset":false,"enable":true,"color":{"color":"rgba(34, 56, 101, 0.04)"}},"content_boxed_border":{"width":1,"style":"none","color":{"color":"rgba(44,62,80,0.2)"}},"content_boxed_radius":{"top":"3px","bottom":"3px","left":"3px","right":"3px","linked":true},"boxed_content_spacing":{"desktop":{"top":"40px","bottom":"40px","left":"40px","right":"40px","linked":true},"tablet":{"top":"35px","bottom":"35px","left":"35px","right":"35px","linked":true},"mobile":{"top":"20px","bottom":"20px","left":"20px","right":"20px","linked":true}},"c71f803b6db8e4c3a531b23ee54e955d":"","disable_featured_image":"no","disable_share_box":"no","disable_header":"no","disable_footer":"no"},"acf":[],"_links":{"self":[{"href":"https:\/\/cloudwiseapp.com\/en\/wp-json\/wp\/v2\/pages\/1324","targetHints":{"allow":["GET"]}}],"collection":[{"href":"https:\/\/cloudwiseapp.com\/en\/wp-json\/wp\/v2\/pages"}],"about":[{"href":"https:\/\/cloudwiseapp.com\/en\/wp-json\/wp\/v2\/types\/page"}],"author":[{"embeddable":true,"href":"https:\/\/cloudwiseapp.com\/en\/wp-json\/wp\/v2\/users\/1"}],"replies":[{"embeddable":true,"href":"https:\/\/cloudwiseapp.com\/en\/wp-json\/wp\/v2\/comments?post=1324"}],"version-history":[{"count":3,"href":"https:\/\/cloudwiseapp.com\/en\/wp-json\/wp\/v2\/pages\/1324\/revisions"}],"predecessor-version":[{"id":1483,"href":"https:\/\/cloudwiseapp.com\/en\/wp-json\/wp\/v2\/pages\/1324\/revisions\/1483"}],"wp:attachment":[{"href":"https:\/\/cloudwiseapp.com\/en\/wp-json\/wp\/v2\/media?parent=1324"}],"curies":[{"name":"wp","href":"https:\/\/api.w.org\/{rel}","templated":true}]}}