{"id":1313,"date":"2022-04-26T18:31:27","date_gmt":"2022-04-26T16:31:27","guid":{"rendered":"https:\/\/cloudwiseapp.com\/case-studies\/"},"modified":"2022-07-14T11:07:28","modified_gmt":"2022-07-14T09:07:28","slug":"case-studies","status":"publish","type":"page","link":"https:\/\/cloudwiseapp.com\/en\/case-studies\/","title":{"rendered":"Case Studies"},"content":{"rendered":"<div class=\"wp-block-stackable-columns stk-block-columns stk-block stk-3521171\" data-block-id=\"3521171\"><div class=\"stk-row stk-inner-blocks has-text-align-center stk-block-content stk-content-align stk-3521171-column\"><div class=\"wp-block-stackable-column stk-block-column stk-column stk-block stk-9092ab3\" data-block-id=\"9092ab3\"><div class=\"stk-column-wrapper stk-block-column__content stk-container stk-9092ab3-container stk--no-background stk--no-padding\"><div class=\"stk-block-content stk-inner-blocks\"><div class=\"wp-block-stackable-heading stk-block-heading stk-block stk-b2a70dd\" id=\"case-studies\" data-block-id=\"b2a70dd\"><h1 class=\"stk-block-heading__text\">Case Studies<\/h1><\/div>\n\n<p>Learn more about projects that use our tools.<\/p>\n\n<div style=\"height:100px\" aria-hidden=\"true\" class=\"wp-block-spacer\"><\/div><\/div><\/div><\/div><\/div><\/div><div class=\"wp-block-query is-layout-flow wp-block-query-is-layout-flow\"><ul class=\"wp-block-post-template is-layout-flow wp-block-post-template-is-layout-flow\"><li class=\"wp-block-post post-1397 case-study type-case-study status-publish has-post-thumbnail hentry\"><div class=\"wp-block-stackable-columns stk-block-columns stk-block stk-e97ba08\" data-block-id=\"e97ba08\"><div class=\"stk-row stk-inner-blocks stk-block-content stk-content-align stk-e97ba08-column\"><div class=\"wp-block-stackable-column casestudy-image stk-block-column stk-column stk-block stk-92f7ebb\" data-block-id=\"92f7ebb\"><style>.stk-92f7ebb-container{margin-top:0px !important;margin-right:0px !important;margin-bottom:0px !important;margin-left:0px !important}<\/style><div class=\"stk-column-wrapper stk-block-column__content stk-container stk-92f7ebb-container stk--no-background stk--no-padding\"><div class=\"stk-block-content stk-inner-blocks\"><figure class=\"alignfull wp-block-post-featured-image\"><a href=\"https:\/\/cloudwiseapp.com\/en\/case-study\/kids-on-the-moon\/\" target=\"_self\"  ><img loading=\"lazy\" decoding=\"async\" width=\"2040\" height=\"1400\" src=\"https:\/\/cloudwiseapp.com\/wp-content\/uploads\/2022\/06\/kidsonthemoon.jpg\" class=\"attachment-post-thumbnail size-post-thumbnail wp-post-image\" alt=\"Kids on the Moon\" style=\"object-fit:cover;\" srcset=\"https:\/\/cloudwiseapp.com\/wp-content\/uploads\/2022\/06\/kidsonthemoon.jpg 2040w, https:\/\/cloudwiseapp.com\/wp-content\/uploads\/2022\/06\/kidsonthemoon-600x412.jpg 600w, https:\/\/cloudwiseapp.com\/wp-content\/uploads\/2022\/06\/kidsonthemoon-300x206.jpg 300w, https:\/\/cloudwiseapp.com\/wp-content\/uploads\/2022\/06\/kidsonthemoon-1024x703.jpg 1024w, https:\/\/cloudwiseapp.com\/wp-content\/uploads\/2022\/06\/kidsonthemoon-768x527.jpg 768w, https:\/\/cloudwiseapp.com\/wp-content\/uploads\/2022\/06\/kidsonthemoon-1536x1054.jpg 1536w\" sizes=\"auto, (max-width: 2040px) 100vw, 2040px\" \/><\/a><\/figure><\/div><\/div><\/div>\n\n<div class=\"wp-block-stackable-column stk-block-column stk-column stk-block stk-8ae8de1\" data-block-id=\"8ae8de1\"><style>.stk-8ae8de1-container{background-color:var(--theme-palette-color-2,#0f5bf5) !important}.stk-8ae8de1-container:before{background-color:var(--theme-palette-color-2,#0f5bf5) !important}.stk-8ae8de1 .stk-block-column__content{padding-top:55px !important;padding-right:55px !important;padding-bottom:55px !important;padding-left:55px !important}.stk-8ae8de1-container{margin-top:0px !important;margin-right:0px !important;margin-bottom:0px !important;margin-left:0px !important}<\/style><div class=\"stk-column-wrapper stk-block-column__content stk-container stk-8ae8de1-container stk-hover-parent\"><div class=\"stk-block-content stk-inner-blocks\"><h2 class=\"wp-block-post-title has-text-color has-palette-color-8-color\">Kids on the Moon<\/h2>\n\n<div class=\"wp-block-post-excerpt has-text-color has-palette-color-8-color\"><p class=\"wp-block-post-excerpt__excerpt\">Kids on the Moon is a Polish children&#8217;s clothing brand, operating on the market since 2012, for children and parents detached from the earth, created during the full moon. It combines the world of nature with the world of children&#8217;s fantasy and a bit of adult perspective. Quotes from the world of film, literature and&hellip; <\/p><\/div>\n\n<a class=\"button-readmore-casestudy wp-block-read-more\" href=\"https:\/\/cloudwiseapp.com\/en\/case-study\/kids-on-the-moon\/\" target=\"_self\">Read more<span class=\"screen-reader-text\">: Kids on the Moon<\/span><\/a>\n\n<p><\/p>\n\n<div class=\"wp-block-buttons is-layout-flex wp-block-buttons-is-layout-flex\"><\/div><\/div><\/div><\/div><\/div><\/div><\/li><\/ul>\n\n<\/div>","protected":false},"excerpt":{"rendered":"<p>Case Studies Learn more about projects that use our tools.<\/p>\n","protected":false},"author":1,"featured_media":0,"parent":0,"menu_order":0,"comment_status":"closed","ping_status":"closed","template":"","meta":{"footnotes":""},"class_list":["post-1313","page","type-page","status-publish","hentry"],"blocksy_meta":{"styles_descriptor":{"styles":{"desktop":"","tablet":"","mobile":""},"google_fonts":[],"version":6},"page_title_panel":"","has_hero_section":"disabled","f18bb2322e7da1cc9604682906e87ca3":"","hero_section":"type-1","hero_elements":[{"id":"custom_title","enabled":true,"heading_tag":"h1","title":"Strona g\u0142\u00f3wna"},{"id":"custom_description","enabled":true,"description_visibility":{"desktop":true,"tablet":true,"mobile":false}},{"id":"custom_meta","enabled":false,"meta_elements":[{"id":"author","enabled":true,"label":"Przez","has_author_avatar":"yes","avatar_size":25},{"id":"post_date","enabled":true,"label":"W\u0142\u0105cz","date_format_source":"default","date_format":"M j, Y"},{"id":"updated_date","enabled":false,"label":"W\u0142\u0105cz","date_format_source":"default","date_format":"M j, Y"},{"id":"categories","enabled":false,"label":"W","style":"simple"},{"id":"comments","enabled":true}],"page_meta_elements":{"joined":true,"articles_count":true,"comments":true}},{"id":"breadcrumbs","enabled":false}],"37d948bc5ba0c45446cbdd020e99dde3":"","hero_alignment1":"CT_CSS_SKIP_RULE","hero_margin":40,"hero_alignment2":"center","hero_vertical_alignment":"center","1670f7a0db8ebe53c9e230c26f026a3e":"","hero_structure":"narrow","721ba304e1d58d4088ac9ae9128b45e0":"","page_title_bg_type":"featured_image","custom_hero_background":{"attachment_id":null},"page_title_image_size":"full","parallax":{"desktop":false,"tablet":false,"mobile":false},"08eb42e78ff0b970a984f70633fa5e9f":"","hero_height":"250px","pageTitleFont":{"family":"Default","variation":"Default","size":"30px","line-height":"CT_CSS_SKIP_RULE","letter-spacing":"CT_CSS_SKIP_RULE","text-transform":"CT_CSS_SKIP_RULE","text-decoration":"CT_CSS_SKIP_RULE"},"pageTitleFontColor":{"default":{"color":"CT_CSS_SKIP_RULEDEFAULT"}},"pageMetaFont":{"family":"Default","variation":"n6","size":"12px","line-height":"1.3","letter-spacing":"CT_CSS_SKIP_RULE","text-transform":"uppercase","text-decoration":"CT_CSS_SKIP_RULE"},"pageMetaFontColor":{"default":{"color":"CT_CSS_SKIP_RULEDEFAULT"},"hover":{"color":"CT_CSS_SKIP_RULEDEFAULT"}},"page_meta_button_type_font_colors":{"default":{"color":"CT_CSS_SKIP_RULEDEFAULT"},"hover":{"color":"CT_CSS_SKIP_RULEDEFAULT"}},"page_meta_button_type_background_colors":{"default":{"color":"CT_CSS_SKIP_RULEDEFAULT"},"hover":{"color":"CT_CSS_SKIP_RULEDEFAULT"}},"pageExcerptFont":{"family":"Default","variation":"Default","size":"CT_CSS_SKIP_RULE","line-height":"CT_CSS_SKIP_RULE","letter-spacing":"CT_CSS_SKIP_RULE","text-transform":"CT_CSS_SKIP_RULE","text-decoration":"CT_CSS_SKIP_RULE"},"pageExcerptColor":{"default":{"color":"CT_CSS_SKIP_RULEDEFAULT"}},"breadcrumbsFont":{"family":"Default","variation":"Default","size":"CT_CSS_SKIP_RULE","line-height":"CT_CSS_SKIP_RULE","letter-spacing":"CT_CSS_SKIP_RULE","text-transform":"CT_CSS_SKIP_RULE","text-decoration":"CT_CSS_SKIP_RULE"},"breadcrumbsFontColor":{"default":{"color":"CT_CSS_SKIP_RULEDEFAULT"},"initial":{"color":"CT_CSS_SKIP_RULEDEFAULT"},"hover":{"color":"CT_CSS_SKIP_RULEDEFAULT"}},"pageTitleOverlay":{"background_type":"color","background_pattern":"type-1","background_image":{"attachment_id":null,"x":0,"y":0},"gradient":"linear-gradient(135deg,rgba(6,147,227,1) 0%,rgb(155,81,224) 100%)","background_repeat":"repeat","background_size":"auto","background_attachment":"scroll","patternColor":{"default":{"color":"#e5e7ea"}},"overlayColor":{"default":{"color":"CT_CSS_SKIP_RULE"}},"backgroundColor":{"default":{"color":"CT_CSS_SKIP_RULE"}}},"pageTitleBackground":{"background_type":"color","background_pattern":"type-1","background_image":{"attachment_id":null,"x":0,"y":0},"gradient":"linear-gradient(135deg,rgba(6,147,227,1) 0%,rgb(155,81,224) 100%)","background_repeat":"repeat","background_size":"auto","background_attachment":"scroll","patternColor":{"default":{"color":"#e5e7ea"}},"overlayColor":{"default":{"color":"CT_CSS_SKIP_RULE"}},"backgroundColor":{"default":{"color":"var(--theme-palette-color-6)"}}},"pageTitlePadding":{"top":"50px","bottom":"50px","left":"auto","right":"auto","linked":true},"4c3a6a0212ded5652b39c7fa69438e91":"","page_structure_type":"default","11e6930ef773508a4b024327462454ef":"","content_style_source":"inherit","content_style":"wide","vertical_spacing_source":"inherit","content_area_spacing":"both","background":{"background_type":"color","background_pattern":"type-1","background_image":{"attachment_id":null,"x":0,"y":0},"gradient":"linear-gradient(135deg,rgba(6,147,227,1) 0%,rgb(155,81,224) 100%)","background_repeat":"repeat","background_size":"auto","background_attachment":"scroll","patternColor":{"default":{"color":"#e5e7ea"}},"overlayColor":{"default":{"color":"CT_CSS_SKIP_RULE"}},"backgroundColor":{"default":{"color":"CT_CSS_SKIP_RULE"}}},"content_background":{"background_type":"color","background_pattern":"type-1","background_image":{"attachment_id":null,"x":0,"y":0},"gradient":"linear-gradient(135deg,rgba(6,147,227,1) 0%,rgb(155,81,224) 100%)","background_repeat":"repeat","background_size":"auto","background_attachment":"scroll","patternColor":{"default":{"color":"#e5e7ea"}},"overlayColor":{"default":{"color":"CT_CSS_SKIP_RULE"}},"backgroundColor":{"default":{"color":"var(--theme-palette-color-8)"}}},"content_boxed_shadow":{"inherit":false,"blur":18,"spread":-6,"v_offset":12,"h_offset":0,"inset":false,"enable":true,"color":{"color":"rgba(34, 56, 101, 0.04)"}},"content_boxed_border":{"width":1,"style":"none","color":{"color":"rgba(44,62,80,0.2)"}},"content_boxed_radius":{"top":"3px","bottom":"3px","left":"3px","right":"3px","linked":true},"boxed_content_spacing":{"desktop":{"top":"40px","bottom":"40px","left":"40px","right":"40px","linked":true},"tablet":{"top":"35px","bottom":"35px","left":"35px","right":"35px","linked":true},"mobile":{"top":"20px","bottom":"20px","left":"20px","right":"20px","linked":true}},"a1a0a893b22f282881942b6164127dc2":"","disable_featured_image":"no","disable_share_box":"no","disable_header":"no","disable_footer":"no"},"acf":[],"_links":{"self":[{"href":"https:\/\/cloudwiseapp.com\/en\/wp-json\/wp\/v2\/pages\/1313","targetHints":{"allow":["GET"]}}],"collection":[{"href":"https:\/\/cloudwiseapp.com\/en\/wp-json\/wp\/v2\/pages"}],"about":[{"href":"https:\/\/cloudwiseapp.com\/en\/wp-json\/wp\/v2\/types\/page"}],"author":[{"embeddable":true,"href":"https:\/\/cloudwiseapp.com\/en\/wp-json\/wp\/v2\/users\/1"}],"replies":[{"embeddable":true,"href":"https:\/\/cloudwiseapp.com\/en\/wp-json\/wp\/v2\/comments?post=1313"}],"version-history":[{"count":1,"href":"https:\/\/cloudwiseapp.com\/en\/wp-json\/wp\/v2\/pages\/1313\/revisions"}],"predecessor-version":[{"id":1314,"href":"https:\/\/cloudwiseapp.com\/en\/wp-json\/wp\/v2\/pages\/1313\/revisions\/1314"}],"wp:attachment":[{"href":"https:\/\/cloudwiseapp.com\/en\/wp-json\/wp\/v2\/media?parent=1313"}],"curies":[{"name":"wp","href":"https:\/\/api.w.org\/{rel}","templated":true}]}}